{"id":9733,"date":"2025-11-14T16:55:21","date_gmt":"2025-11-14T15:55:21","guid":{"rendered":"https:\/\/www.fondazioneunipolis.org\/site\/?page_id=9733"},"modified":"2025-11-14T17:09:16","modified_gmt":"2025-11-14T16:09:16","slug":"waix","status":"publish","type":"page","link":"https:\/\/www.fondazioneunipolis.org\/site\/waix\/","title":{"rendered":"WAIX &#8211; Wellness, Accessibility, Innovation, and eXemplary sustainability"},"content":{"rendered":"\n    <section class=\"hero-section\" style=\"background-color: #00355f;\">\t\t\t\n\t\t<div class=\"hero-carousel\">\n\t\t\t<div class=\"hero-slide\">\t\t\t\t\t\t\n\t\t\t\t<!-- Content -->\n\t\t\t\t<div class=\"container\">\t\t\t\t\t\n\t\t\t\t\t<h1 class=\"main-title\" data-animate=\"words\" id=\"main-title\">\n\t\t\t\t\t\tWAIX &#8211; Wellness, Accessibility, Innovation, and eXemplary sustainability\t\t\t\t\t<\/h1>\n\t\t\t\t<\/div>\n\t\t\t<\/div>\n\t\t<\/div>\n\t<\/section>\n\n\n\n\n<div style=\"height:100px\" aria-hidden=\"true\" class=\"wp-block-spacer\"><\/div>\n\n\n\n<div class=\"wp-block-media-text has-media-on-the-right is-stacked-on-mobile\"><div class=\"wp-block-media-text__content\">\n<p><\/p>\n\n\n\n    <section id=\"\">\n              <h2 class=\"main-title\" style=\"color: #000 !important\">WAIX &#8211; Wellness, Accessibility, Innovation, and eXemplary sustainability<\/h2>\n            <p class=\"paragraph\">\n        <h3 class=\"partecipante\">Daniele Salvatori<\/h3>\n<p>&nbsp;<\/p>\n<h3 class=\"descrizione\">19 anni , Genova<\/h3>\n      <\/p>      \n    <\/section>\n\n<\/div><figure class=\"wp-block-media-text__media\"><img src=\"https:\/\/www.fondazioneunipolis.org\/site\/wp-content\/uploads\/import\/PublishingImages\/mob\/PropostePresente\/UnipolisMOB-Genova.jpg\" alt=\"\" class=\"wp-image-5789 size-full\"\/><\/figure><\/div>\n\n\n\n<div class=\"wp-block-columns is-layout-flex wp-container-core-columns-is-layout-9d6595d7 wp-block-columns-is-layout-flex\">\n<div class=\"wp-block-column is-layout-flow wp-block-column-is-layout-flow\" style=\"flex-basis:40px\"><\/div>\n\n\n\n<div class=\"wp-block-column is-layout-flow wp-block-column-is-layout-flow\">\n    <section id=\"\">\n            <p class=\"paragraph\">\n        <h3>Chi sono<\/h3>\n<p>&nbsp;<\/p>\n<div id=\"ctl00_PlaceHolderMain_ctl04__ControlWrapper_RichHtmlField\" class=\"ms-rtestate-field\" aria-labelledby=\"ctl00_PlaceHolderMain_ctl04_label\">\n<p>\u200b\u200b\u200b\u200b\u200b\u200b\u200b\u200b\u200bSono Daniele Salvatori, un giovane di 20 anni appassionato dello sport, attualmente impegnato nello studio di Scienze Internazionali e Diplomatiche\u200b\u200b\u200b\u200b<\/p>\n<\/div>\n      <\/p>      \n    <\/section>\n\n<\/div>\n\n\n\n<div class=\"wp-block-column is-layout-flow wp-block-column-is-layout-flow\">\n    <section id=\"\">\n            <p class=\"paragraph\">\n        <h3>Da dove vengo<\/h3>\n<p>&nbsp;<\/p>\n<div id=\"ctl00_PlaceHolderMain_ctl05__ControlWrapper_RichHtmlField\" class=\"ms-rtestate-field\" aria-labelledby=\"ctl00_PlaceHolderMain_ctl05_label\">\n<p>\u200bLa mia affinit\u00e0 per i viaggi e la multiculturalit\u00e0 si \u00e8 radicata durante la mia esperienza a Genova.\u200b<\/p>\n<\/div>\n      <\/p>      \n    <\/section>\n\n<\/div>\n\n\n\n<div class=\"wp-block-column is-layout-flow wp-block-column-is-layout-flow\">\n    <section id=\"\">\n            <p class=\"paragraph\">\n        <h3>Le mie passioni<\/h3>\n<p>&nbsp;<\/p>\n<div id=\"ctl00_PlaceHolderMain_ctl06__ControlWrapper_RichHtmlField\" class=\"ms-rtestate-field\" aria-labelledby=\"ctl00_PlaceHolderMain_ctl06_label\">\n<p>\u200bLe mie passioni principali includono l&#8217;esplorazione di nuove culture e la sfida di superare la mia comfort zone.<\/p>\n<\/div>\n      <\/p>      \n    <\/section>\n\n<\/div>\n\n\n\n<div class=\"wp-block-column is-layout-flow wp-block-column-is-layout-flow\">\n    <section id=\"\">\n            <p class=\"paragraph\">\n        <h3>Perch\u00e9 MOB<\/h3>\n<p>&nbsp;<\/p>\n<div id=\"ctl00_PlaceHolderMain_ctl07__ControlWrapper_RichHtmlField\" class=\"ms-rtestate-field\" aria-labelledby=\"ctl00_PlaceHolderMain_ctl07_label\">\n<p>\u200bHo scelto di unirmi a MOB con l&#8217;obiettivo di affrontare e risolvere le problematiche evidenti nella mia citt\u00e0, contribuendo attivamente a migliorare la mobilit\u00e0 e generare un impatto positivo sulla comunit\u00e0 locale.\u200b<\/p>\n<\/div>\n      <\/p>      \n    <\/section>\n\n<\/div>\n\n\n\n<div class=\"wp-block-column is-layout-flow wp-block-column-is-layout-flow\" style=\"flex-basis:40px\"><\/div>\n<\/div>\n\n\n\n<div style=\"height:100px\" aria-hidden=\"true\" class=\"wp-block-spacer\"><\/div>\n\n\n\n<div class=\"wp-block-media-text is-stacked-on-mobile\"><figure class=\"wp-block-media-text__media\"><img src=\"https:\/\/www.fondazioneunipolis.org\/site\/wp-content\/uploads\/import\/PublishingImages\/Unipolis_mob_Salvatori.png\" alt=\"\" class=\"wp-image-6821 size-full\"\/><\/figure><div class=\"wp-block-media-text__content\">\n    <section id=\"\">\n              <h2 class=\"main-title\" style=\"color: #000 !important\">Gli obiettiv\u200b\u200b\u200bi della mia proposta<\/h2>\n            <p class=\"paragraph\">\n        <h3 class=\"ms-rteElement-Celeste\">Tre passi concreti per rivoluzionare la mobilit\u00e0 a Genova<\/h3>\n<p>&nbsp;<\/p>\n<p>Attraverso un\u2019articolata e approfondita analisi del\u00a0<strong>fabbisogno di mobilit\u00e0 della citt\u00e0 di Genova<\/strong>, \u200bDaniele propone e sviluppa fino a\u00a0<strong>nove proposte di miglioramento<\/strong>: l\u2019estensione delle opzioni di\u00a0<strong>pagamento<\/strong>\u00a0sui mezzi pubblici, lo sviluppo della linea\u00a0<strong>metropolitana<\/strong>\u00a0esistente, il miglioramento della\u00a0<strong>sicurezza nelle fermate<\/strong>\u00a0dei mezzi pubblici, l\u2019implementazione dell\u2019<strong>accessibilit\u00e0<\/strong>\u00a0negli attraversamenti pedonali, l\u2019introduzione di\u00a0<strong>bike sharing e mezzi elettrici<\/strong>, la\u00a0<strong>sensibilizzazione<\/strong>\u00a0degli utenti della strada, l\u2019ottimizzazione della\u00a0<strong>mobilit\u00e0 studentesca<\/strong>, il miglioramento dell\u2019accesso ai\u00a0<strong>servizi san\u200bitari,\u00a0<\/strong>con un&#8217;attenzione particolare alla mobilit\u00e0 legata all&#8217;Ospedale Pediatrico\u00a0Gaslini.\u00a0In accordo con Daniele, il suo percorso all\u2019interno di MOB si \u00e8 focalizzato\u00a0in particolare su tre di queste.\u200b\u200b\u200b<\/p>\n<p>Dopo il workshop territoriale previsto dal percorso per discutere la proposta con un gruppo di cittadini interessati,\u200b \u00e8 emersa forte la necessit\u00e0 di\u00a0indirizzare il suo lavoro sull&#8217;iniziativa di mobilit\u00e0 per\u00a0il Gaslini, al quale \u00e8 profondamente legato vista la sua esperienza diretta come volontario. La proposta ha preso \u200bforma nei mesi successivi fino alla\u00a0<a href=\"\/site\/con-mob-a-genova-per-migliorare-la-mobilita-sanitaria\/\" target=\"_blank\" rel=\"noopener\"><strong>presentazione ufficiale\u200b<\/strong>\u00a0<\/a>in un incontro che ha visto la partecipazione di AMT, Comune di Genova e Ospedale Gaslini.\u00a0\u200b\u200b<\/p>\n<p>Daniele ha messo in luce la\u00a0<strong>necessit\u00e0 di un sistema di trasporto pi\u00f9 chiaro e fruibile per le famiglie, soprattutto per chi arriva da fuori Regione<\/strong>\u00a0o non dispone di un mezzo proprio, sia grazie all&#8217;analisi dei dati forniti dal Gaslini, sia riportando esperienze e storie apprese negli anni di volontariato. In particolare, si \u00e8 discusso della difficolt\u00e0 di accesso ai servizi sanitari nelle ore non coperte dalla navetta esistente, un problema che incide fortemente sulla qualit\u00e0 della vita delle famiglie in cura.\u200b\u200b\u200b<\/p>\n      <\/p>      \n    <\/section>\n\n<\/div><\/div>\n\n\n\n<div style=\"height:100px\" aria-hidden=\"true\" class=\"wp-block-spacer\"><\/div>\n\n\n\n    <section id=\"\">\n              <h2 class=\"main-title\" style=\"color: #000 !important\"><center>Risultati desiderati<\/center><\/h2>\n            <p class=\"paragraph\">\n              <\/p>      \n    <\/section>\n\n\n\n\n<div class=\"wp-block-columns is-layout-flex wp-container-core-columns-is-layout-9d6595d7 wp-block-columns-is-layout-flex\">\n<div class=\"wp-block-column is-layout-flow wp-block-column-is-layout-flow\" style=\"flex-basis:40px\"><\/div>\n\n\n\n<div class=\"wp-block-column is-layout-flow wp-block-column-is-layout-flow\">\n    <section id=\"\">\n            <p class=\"paragraph\">\n        <p><img style=\"width: 2rem;\" src=\"https:\/\/www.fondazioneunipolis.org\/site\/wp-content\/uploads\/import\/PublishingImages\/mob\/pallinoRosso.png\" \/><\/p>\n<h3 class=\"ms-rteElement-Celeste\" style=\"color: #1b9dd9;\">Pagamenti contactless<\/h3>\n<p>&nbsp;<\/p>\n<p>Il sistema di trasporto pubblico a Genova presenta lacune nelle\u00a0<strong>opzioni di pagamento<\/strong>, in particolare l\u2019impossibilit\u00e0 di utilizzare le carte di credito direttamente sui mezzi. Il potere di intervenire per mitigare questa criticit\u00e0 coinvolge sia gli enti gestori del trasporto pubblico che le istituzioni locali. Occorrono quindi\u00a0<strong>soluzioni personalizzate<\/strong>\u00a0che tengano conto delle esigenze specifiche della citt\u00e0, collaborando con i fornitori di servizi finanziari e adottando tecnologie all&#8217;avanguardia. Sar\u00e0 fondamentale anche la\u00a0<strong>sensibilizzazione dell&#8217;utenza<\/strong>\u00a0sulle nuove opzioni di pagamento, per garantire un passaggio graduale e armonioso verso un sistema di pagamento pi\u00f9 moderno ed efficiente. L&#8217;implementazione di opzioni di pagamento pi\u00f9 flessibili non solo agevolerebbe i cittadini locali, ma rappresenterebbe anche un beneficio significativo per i turisti.<\/p>\n      <\/p>      \n    <\/section>\n\n<\/div>\n\n\n\n<div class=\"wp-block-column is-layout-flow wp-block-column-is-layout-flow\">\n    <section id=\"\">\n            <p class=\"paragraph\">\n        <p><img style=\"width: 2rem;\" src=\"https:\/\/www.fondazioneunipolis.org\/site\/wp-content\/uploads\/import\/PublishingImages\/mob\/pallinoRosso.png\" \/><\/p>\n<h3 class=\"ms-rteElement-Celeste\" style=\"color: #1b9dd9;\">Accesso ai servizi sanitari<\/h3>\n<p>&nbsp;<\/p>\n<p class=\"ms-rteElement-Celeste\">L&#8217;accesso ai servizi sani\u200btari, soprattutto durante le ore serali, pu\u00f2 essere complicato per molti cittadini, soprattutto per quelli senza mezzi di trasporto privati. Questo pu\u00f2 ostacolare l&#8217;accesso a cure mediche necessarie e\u00a0<strong>aumentare il carico sui servizi di emergenza<\/strong>. L\u2019introduzione di una\u00a0<strong>navetta gratuita<\/strong>\u00a0avrebbe impatti positivi dal punto di vista ambientale, contribuendo a una minore emissione di inquinanti. Mentre il beneficio sociale \u00e8 l\u2019accesso facilitato ai servizi sanitari durante le ore serali, migliorando la salute e il benessere della comunit\u00e0. La proposta potrebbe essere implementata inizialmente come fase sperimentale, \u200b\u200bconcentrando i percorsi della navetta su alcune zone chiave della citt\u00e0 come l\u2019Ospedale Gaslini e valutando in seguito l&#8217;efficacia attraverso il feedback dei cittadini e l&#8217;analisi dell&#8217;utilizzo del servizio.\u200b<\/p>\n      <\/p>      \n    <\/section>\n\n<\/div>\n\n\n\n<div class=\"wp-block-column is-layout-flow wp-block-column-is-layout-flow\">\n    <section id=\"\">\n            <p class=\"paragraph\">\n        <p><img style=\"width: 2rem;\" src=\"https:\/\/www.fondazioneunipolis.org\/site\/wp-content\/uploads\/import\/PublishingImages\/mob\/pallinoRosso.png\" \/><\/p>\n<h3 class=\"ms-rteElement-Celeste\" style=\"color: #1b9dd9;\">\u200bMezzi elettrici<\/h3>\n<p>&nbsp;<\/p>\n<div>L&#8217;introduzione di\u00a0<strong>mezzi di trasporto pubblico elettrici<\/strong>\u00a0\u00e8 essenziale per ridurre le emissioni e migliorare la qualit\u00e0 dell&#8217;aria. Questa transizione contribuirebbe significativamente alla\u00a0<strong>sostenibilit\u00e0 ambientale<\/strong>\u00a0dei sistemi di mobilit\u00e0. La transizione verso il trasporto pubblico elettrico richiede la collaborazione attiva delle autorit\u00e0 locali e degli enti gestori del trasporto pubblico. Fondamentale sarebbe accompagnarla anche attraverso incentivi fiscali e finanziari per le aziende di trasporto pubblico che scelgono di incorporare autobus elettrici nella propria flotta. Applicare strategie simili a quelle adottate nei Paesi Bassi, in Germania e in altri paesi leader potrebbe contribuire a posizionare Genova come un\u00a0<strong>punto di riferimento<\/strong>\u00a0per l&#8217;adozione di autobus elettrici in Italia, m\u200bigliorando la qualit\u00e0 dell&#8217;aria e contribuendo agli sforzi globali contro il cambiamento climatico.<\/div>\n      <\/p>      \n    <\/section>\n\n<\/div>\n\n\n\n<div class=\"wp-block-column is-layout-flow wp-block-column-is-layout-flow\" style=\"flex-basis:40px\"><\/div>\n<\/div>\n\n\n\n<div style=\"height:100px\" aria-hidden=\"true\" class=\"wp-block-spacer\"><\/div>\n","protected":false},"excerpt":{"rendered":"","protected":false},"author":3,"featured_media":0,"parent":0,"menu_order":0,"comment_status":"closed","ping_status":"closed","template":"","meta":{"_acf_changed":false,"footnotes":""},"class_list":["post-9733","page","type-page","status-publish","hentry"],"acf":[],"yoast_head":"<!-- This site is optimized with the Yoast SEO plugin v26.1.1 - https:\/\/yoast.com\/wordpress\/plugins\/seo\/ -->\n<title>WAIX - Wellness, Accessibility, Innovation, and eXemplary sustainability - Unipolis<\/title>\n<meta name=\"robots\" content=\"index, follow, max-snippet:-1, max-image-preview:large, max-video-preview:-1\" \/>\n<link rel=\"canonical\" href=\"https:\/\/www.fondazioneunipolis.org\/site\/waix\/\" \/>\n<meta property=\"og:locale\" content=\"it_IT\" \/>\n<meta property=\"og:type\" content=\"article\" \/>\n<meta property=\"og:title\" content=\"WAIX - Wellness, Accessibility, Innovation, and eXemplary sustainability - Unipolis\" \/>\n<meta property=\"og:url\" content=\"https:\/\/dx-factory-unipolis-corporate-wp.ha.servizi.gr-u.it\/site\/waix\/\" \/>\n<meta property=\"og:site_name\" content=\"Unipolis\" \/>\n<meta property=\"article:modified_time\" content=\"2025-11-14T16:09:16+00:00\" \/>\n<meta property=\"og:image\" content=\"https:\/\/www.fondazioneunipolis.org\/site\/wp-content\/uploads\/import\/PublishingImages\/mob\/PropostePresente\/UnipolisMOB-Genova.jpg\" \/>\n\t<meta property=\"og:image:width\" content=\"1\" \/>\n\t<meta property=\"og:image:height\" content=\"1\" \/>\n\t<meta property=\"og:image:type\" content=\"image\/jpeg\" \/>\n<meta name=\"twitter:card\" content=\"summary_large_image\" \/>\n<meta name=\"twitter:label1\" content=\"Est. reading time\" \/>\n\t<meta name=\"twitter:data1\" content=\"1 minute\" \/>\n<script type=\"application\/ld+json\" class=\"yoast-schema-graph\">{\"@context\":\"https:\/\/schema.org\",\"@graph\":[{\"@type\":\"WebPage\",\"@id\":\"https:\/\/dx-factory-unipolis-corporate-wp.ha.servizi.gr-u.it\/site\/waix\/\",\"url\":\"https:\/\/dx-factory-unipolis-corporate-wp.ha.servizi.gr-u.it\/site\/waix\/\",\"name\":\"WAIX - Wellness, Accessibility, Innovation, and eXemplary sustainability - Unipolis\",\"isPartOf\":{\"@id\":\"https:\/\/www.fondazioneunipolis.org\/site\/#website\"},\"primaryImageOfPage\":{\"@id\":\"https:\/\/dx-factory-unipolis-corporate-wp.ha.servizi.gr-u.it\/site\/waix\/#primaryimage\"},\"image\":{\"@id\":\"https:\/\/dx-factory-unipolis-corporate-wp.ha.servizi.gr-u.it\/site\/waix\/#primaryimage\"},\"thumbnailUrl\":\"https:\/\/www.fondazioneunipolis.org\/site\/wp-content\/uploads\/import\/PublishingImages\/mob\/PropostePresente\/UnipolisMOB-Genova.jpg\",\"datePublished\":\"2025-11-14T15:55:21+00:00\",\"dateModified\":\"2025-11-14T16:09:16+00:00\",\"breadcrumb\":{\"@id\":\"https:\/\/dx-factory-unipolis-corporate-wp.ha.servizi.gr-u.it\/site\/waix\/#breadcrumb\"},\"inLanguage\":\"it-IT\",\"potentialAction\":[{\"@type\":\"ReadAction\",\"target\":[\"https:\/\/dx-factory-unipolis-corporate-wp.ha.servizi.gr-u.it\/site\/waix\/\"]}]},{\"@type\":\"ImageObject\",\"inLanguage\":\"it-IT\",\"@id\":\"https:\/\/dx-factory-unipolis-corporate-wp.ha.servizi.gr-u.it\/site\/waix\/#primaryimage\",\"url\":\"https:\/\/www.fondazioneunipolis.org\/site\/wp-content\/uploads\/import\/PublishingImages\/mob\/PropostePresente\/UnipolisMOB-Genova.jpg\",\"contentUrl\":\"https:\/\/www.fondazioneunipolis.org\/site\/wp-content\/uploads\/import\/PublishingImages\/mob\/PropostePresente\/UnipolisMOB-Genova.jpg\"},{\"@type\":\"BreadcrumbList\",\"@id\":\"https:\/\/dx-factory-unipolis-corporate-wp.ha.servizi.gr-u.it\/site\/waix\/#breadcrumb\",\"itemListElement\":[{\"@type\":\"ListItem\",\"position\":1,\"name\":\"Home\",\"item\":\"https:\/\/www.fondazioneunipolis.org\/site\/\"},{\"@type\":\"ListItem\",\"position\":2,\"name\":\"WAIX &#8211; Wellness, Accessibility, Innovation, and eXemplary sustainability\"}]},{\"@type\":\"WebSite\",\"@id\":\"https:\/\/www.fondazioneunipolis.org\/site\/#website\",\"url\":\"https:\/\/www.fondazioneunipolis.org\/site\/\",\"name\":\"Unipolis\",\"description\":\"\",\"publisher\":{\"@id\":\"https:\/\/www.fondazioneunipolis.org\/site\/#organization\"},\"potentialAction\":[{\"@type\":\"SearchAction\",\"target\":{\"@type\":\"EntryPoint\",\"urlTemplate\":\"https:\/\/www.fondazioneunipolis.org\/site\/?s={search_term_string}\"},\"query-input\":{\"@type\":\"PropertyValueSpecification\",\"valueRequired\":true,\"valueName\":\"search_term_string\"}}],\"inLanguage\":\"it-IT\"},{\"@type\":\"Organization\",\"@id\":\"https:\/\/www.fondazioneunipolis.org\/site\/#organization\",\"name\":\"Unipolis\",\"url\":\"https:\/\/www.fondazioneunipolis.org\/site\/\",\"logo\":{\"@type\":\"ImageObject\",\"inLanguage\":\"it-IT\",\"@id\":\"https:\/\/www.fondazioneunipolis.org\/site\/#\/schema\/logo\/image\/\",\"url\":\"https:\/\/www.fondazioneunipolis.org\/site\/wp-content\/uploads\/2025\/07\/logo-fondazione-unipolis-1.svg\",\"contentUrl\":\"https:\/\/www.fondazioneunipolis.org\/site\/wp-content\/uploads\/2025\/07\/logo-fondazione-unipolis-1.svg\",\"caption\":\"Unipolis\"},\"image\":{\"@id\":\"https:\/\/www.fondazioneunipolis.org\/site\/#\/schema\/logo\/image\/\"}}]}<\/script>\n<!-- \/ Yoast SEO plugin. -->","yoast_head_json":{"title":"WAIX - Wellness, Accessibility, Innovation, and eXemplary sustainability - Unipolis","robots":{"index":"index","follow":"follow","max-snippet":"max-snippet:-1","max-image-preview":"max-image-preview:large","max-video-preview":"max-video-preview:-1"},"canonical":"https:\/\/www.fondazioneunipolis.org\/site\/waix\/","og_locale":"it_IT","og_type":"article","og_title":"WAIX - Wellness, Accessibility, Innovation, and eXemplary sustainability - Unipolis","og_url":"https:\/\/dx-factory-unipolis-corporate-wp.ha.servizi.gr-u.it\/site\/waix\/","og_site_name":"Unipolis","article_modified_time":"2025-11-14T16:09:16+00:00","og_image":[{"url":"https:\/\/www.fondazioneunipolis.org\/site\/wp-content\/uploads\/import\/PublishingImages\/mob\/PropostePresente\/UnipolisMOB-Genova.jpg","width":1,"height":1,"type":"image\/jpeg"}],"twitter_card":"summary_large_image","twitter_misc":{"Est. reading time":"1 minute"},"schema":{"@context":"https:\/\/schema.org","@graph":[{"@type":"WebPage","@id":"https:\/\/dx-factory-unipolis-corporate-wp.ha.servizi.gr-u.it\/site\/waix\/","url":"https:\/\/dx-factory-unipolis-corporate-wp.ha.servizi.gr-u.it\/site\/waix\/","name":"WAIX - Wellness, Accessibility, Innovation, and eXemplary sustainability - Unipolis","isPartOf":{"@id":"https:\/\/www.fondazioneunipolis.org\/site\/#website"},"primaryImageOfPage":{"@id":"https:\/\/dx-factory-unipolis-corporate-wp.ha.servizi.gr-u.it\/site\/waix\/#primaryimage"},"image":{"@id":"https:\/\/dx-factory-unipolis-corporate-wp.ha.servizi.gr-u.it\/site\/waix\/#primaryimage"},"thumbnailUrl":"https:\/\/www.fondazioneunipolis.org\/site\/wp-content\/uploads\/import\/PublishingImages\/mob\/PropostePresente\/UnipolisMOB-Genova.jpg","datePublished":"2025-11-14T15:55:21+00:00","dateModified":"2025-11-14T16:09:16+00:00","breadcrumb":{"@id":"https:\/\/dx-factory-unipolis-corporate-wp.ha.servizi.gr-u.it\/site\/waix\/#breadcrumb"},"inLanguage":"it-IT","potentialAction":[{"@type":"ReadAction","target":["https:\/\/dx-factory-unipolis-corporate-wp.ha.servizi.gr-u.it\/site\/waix\/"]}]},{"@type":"ImageObject","inLanguage":"it-IT","@id":"https:\/\/dx-factory-unipolis-corporate-wp.ha.servizi.gr-u.it\/site\/waix\/#primaryimage","url":"https:\/\/www.fondazioneunipolis.org\/site\/wp-content\/uploads\/import\/PublishingImages\/mob\/PropostePresente\/UnipolisMOB-Genova.jpg","contentUrl":"https:\/\/www.fondazioneunipolis.org\/site\/wp-content\/uploads\/import\/PublishingImages\/mob\/PropostePresente\/UnipolisMOB-Genova.jpg"},{"@type":"BreadcrumbList","@id":"https:\/\/dx-factory-unipolis-corporate-wp.ha.servizi.gr-u.it\/site\/waix\/#breadcrumb","itemListElement":[{"@type":"ListItem","position":1,"name":"Home","item":"https:\/\/www.fondazioneunipolis.org\/site\/"},{"@type":"ListItem","position":2,"name":"WAIX &#8211; Wellness, Accessibility, Innovation, and eXemplary sustainability"}]},{"@type":"WebSite","@id":"https:\/\/www.fondazioneunipolis.org\/site\/#website","url":"https:\/\/www.fondazioneunipolis.org\/site\/","name":"Unipolis","description":"","publisher":{"@id":"https:\/\/www.fondazioneunipolis.org\/site\/#organization"},"potentialAction":[{"@type":"SearchAction","target":{"@type":"EntryPoint","urlTemplate":"https:\/\/www.fondazioneunipolis.org\/site\/?s={search_term_string}"},"query-input":{"@type":"PropertyValueSpecification","valueRequired":true,"valueName":"search_term_string"}}],"inLanguage":"it-IT"},{"@type":"Organization","@id":"https:\/\/www.fondazioneunipolis.org\/site\/#organization","name":"Unipolis","url":"https:\/\/www.fondazioneunipolis.org\/site\/","logo":{"@type":"ImageObject","inLanguage":"it-IT","@id":"https:\/\/www.fondazioneunipolis.org\/site\/#\/schema\/logo\/image\/","url":"https:\/\/www.fondazioneunipolis.org\/site\/wp-content\/uploads\/2025\/07\/logo-fondazione-unipolis-1.svg","contentUrl":"https:\/\/www.fondazioneunipolis.org\/site\/wp-content\/uploads\/2025\/07\/logo-fondazione-unipolis-1.svg","caption":"Unipolis"},"image":{"@id":"https:\/\/www.fondazioneunipolis.org\/site\/#\/schema\/logo\/image\/"}}]}},"_links":{"self":[{"href":"https:\/\/www.fondazioneunipolis.org\/site\/wp-json\/wp\/v2\/pages\/9733","targetHints":{"allow":["GET"]}}],"collection":[{"href":"https:\/\/www.fondazioneunipolis.org\/site\/wp-json\/wp\/v2\/pages"}],"about":[{"href":"https:\/\/www.fondazioneunipolis.org\/site\/wp-json\/wp\/v2\/types\/page"}],"author":[{"embeddable":true,"href":"https:\/\/www.fondazioneunipolis.org\/site\/wp-json\/wp\/v2\/users\/3"}],"replies":[{"embeddable":true,"href":"https:\/\/www.fondazioneunipolis.org\/site\/wp-json\/wp\/v2\/comments?post=9733"}],"version-history":[{"count":7,"href":"https:\/\/www.fondazioneunipolis.org\/site\/wp-json\/wp\/v2\/pages\/9733\/revisions"}],"predecessor-version":[{"id":9747,"href":"https:\/\/www.fondazioneunipolis.org\/site\/wp-json\/wp\/v2\/pages\/9733\/revisions\/9747"}],"wp:attachment":[{"href":"https:\/\/www.fondazioneunipolis.org\/site\/wp-json\/wp\/v2\/media?parent=9733"}],"curies":[{"name":"wp","href":"https:\/\/api.w.org\/{rel}","templated":true}]}}