{"id":8247,"date":"2025-10-19T09:25:59","date_gmt":"2025-10-19T07:25:59","guid":{"rendered":"https:\/\/www.fondazioneunipolis.org\/site\/?page_id=8247"},"modified":"2025-11-11T13:04:20","modified_gmt":"2025-11-11T12:04:20","slug":"whistleblowing","status":"publish","type":"page","link":"https:\/\/www.fondazioneunipolis.org\/site\/whistleblowing\/","title":{"rendered":"Whistleblowing"},"content":{"rendered":"\n    <section class=\"hero-section\" style=\"background-color: #00355f;\">\t\t\t\n\t\t<div class=\"hero-carousel\">\n\t\t\t<div class=\"hero-slide\">\t\t\t\t\t\t\n\t\t\t\t<!-- Content -->\n\t\t\t\t<div class=\"container\">\t\t\t\t\t\n\t\t\t\t\t<h1 class=\"main-title\" data-animate=\"words\" id=\"main-title\">\n\t\t\t\t\t\tWhistleblowing\t\t\t\t\t<\/h1>\n\t\t\t\t<\/div>\n\t\t\t<\/div>\n\t\t<\/div>\n\t<\/section>\n\n\n\n\n    <section id=\"\">\n            <p class=\"paragraph\">\n        <p>Il sistema interno di segnalazione delle violazioni<\/p>\n<p>&nbsp;<\/p>\n<p>Con il termine\u00a0<em>whistleblower\u00a0<\/em>(dall&#8217;inglese:\u00a0<em>to\u00a0blow\u00a0the\u00a0whistle<\/em>\u00a0&#8211; soffiare il fischietto) si fa generalmente riferimento alla persona che, venuta a conoscenza di atti o fatti potenzialmente illeciti nel proprio contesto lavorativo, decide di denunciarli\u00a0servendosi di canali interni riservati e indipendenti, appositamente previsti dall&#8217;azienda.<\/p>\n<p>&nbsp;<\/p>\n<p>Fondazione Unipolis ha adottato un\u00a0<strong>sistema interno per la segnalazione delle violazioni<\/strong>\u00a0che ha l&#8217;obiettivo di salvaguardare la\u00a0<strong>riservatezza<\/strong>\u00a0dell&#8217;identit\u00e0 del segnalante e\u00a0<strong>tutelarlo da condotte ritorsive\u00a0<\/strong>conseguenti alla segnalazione, in linea con la normativa emanata in materia di\u00a0<em>whistleblowing<\/em>\u00a0a livello europeo e nazionale (da ultimo, il D. Lgs. 15 marzo 2023 n. 24, che recepisce nell&#8217;ordinamento italiano la Direttiva (UE) 2019\/1937).<\/p>\n<p>&nbsp;<\/p>\n<p>Il sistema di segnalazione, a cui si rinvia per ogni dettaglio, \u00e8 illustrato nel\u00a0<strong><a href=\"https:\/\/www.fondazioneunipolis.org\/site\/wp-content\/uploads\/import\/Documents\/Unipolis_MOG%202023_Parte%20Generale.pdf\" target=\"_blank\" rel=\"noreferrer noopener\">Modello di Organizzazione, Gestione e Controllo\u200b<\/a><\/strong>\u00a0(capitolo 5.6 della Parte Generale) adottato dalla Fondazione, consultabile da questa pagina.<\/p>\n<p>&nbsp;<\/p>\n<p>Ai sensi del Modello, la Fondazione ha istituito un\u00a0<strong>proprio canale dedicato<\/strong>, gestito da strutture autonome e indipendenti, attraverso il quale \u00e8 possibile segnalare comportamenti, atti od omissioni \u2013 compresi i fondati sospetti \u2013 di cui il segnalante sia venuto a conoscenza nel proprio contesto lavorativo e che ritiene possano costituire una violazione delle norme disciplinanti l&#8217;attivit\u00e0 svolta dalla Fondazione.<\/p>\n<p>&nbsp;<\/p>\n<p>In particolare, \u00e8 previsto per tutti i segnalanti l&#8217;utilizzo di una apposita\u00a0<strong>Piattaforma informatica<\/strong>\u00a0\u2013 disponibile al\u00a0<em>link<\/em>\u00a0indicato in questa pagina \u2013 idonea a garantire, con modalit\u00e0 informatiche, la riservatezza dell&#8217;identit\u00e0 del segnalante.<\/p>\n<p>&nbsp;<\/p>\n<p>Al ricorrere di determinate condizioni previste dalla normativa, \u00e8 possibile effettuare\u00a0<strong>segnalazioni esterne direttamente all&#8217;Autorit\u00e0 nazionale anticorruzione<\/strong>\u00a0(ANAC).<\/p>\n<p>&nbsp;<\/p>\n<p>Il Segnalante pu\u00f2 presentare all&#8217;ANAC una segnalazione esterna se, al momento della presentazione, ricorre una delle seguenti condizioni:<\/p>\n<ul>\n<li>nel contesto lavorativo non \u00e8 prevista l&#8217;attivazione del canale interno come obbligatoria o, se previsto, non \u00e8 stato attivato o, anche se attivato, non \u00e8 conforme a quanto previsto dall&#8217;articolo 4 del Decreto\u00a0<em>whistleblowing<\/em>;<\/li>\n<li>ha gi\u00e0 effettuato una segnalazione interna e la stessa non ha avuto seguito;<\/li>\n<li>ha fondati motivi di ritenere che, se effettuasse una segnalazione interna, alla stessa non sarebbe dato efficace seguito ovvero che la stessa possa determinare il rischio di ritorsione;<\/li>\n<li>ha fondato motivo di ritenere che la violazione possa costituire un pericolo imminente o palese per il pubblico interesse.<\/li>\n<\/ul>\n<p>&nbsp;<\/p>\n<p>Tali \u200bSegnalazioni esterne possono essere effettuate tramite i canali istituiti ai sensi dell&#8217;art. 7 del Decreto\u00a0<em>whistleblowing<\/em>, secondo le modalit\u00e0 indicate sul sito dell&#8217;ANAC (<a href=\"https:\/\/www.anticorruzione.it\/-\/whistleblowing\" target=\"_blank\" rel=\"noreferrer noopener\">https:\/\/www.anticorruzione.it\/-\/whistleblowing<\/a>).<\/p>\n<p>&nbsp;<\/p>\n<p><a href=\"https:\/\/www.fondazioneunipolis.org\/site\/wp-content\/uploads\/import\/Documents\/Manuale%20Segnalante_Fondazione%20Unipolis_2025.pdf\" target=\"_blank\" rel=\"noreferrer noopener\">Manuale \u200bSegnalante<\/a><\/p>\n<p>&nbsp;<\/p>\n<p><strong>Link correlati:\u00a0<\/strong><a href=\"https:\/\/digitalplatform.unionefiduciaria.it\/whistleblowingnew\/it\/accessoprincipale\/identificazionegruppo?token=GRUPPOUNIPOLWB\" target=\"_blank\" rel=\"noreferrer noopener\">Whistleblowing \u2013 Piattaforma\u200b<\/a><\/p>\n<p>&nbsp;<\/p>\n      <\/p>      \n    <\/section>\n\n","protected":false},"excerpt":{"rendered":"","protected":false},"author":2,"featured_media":0,"parent":0,"menu_order":0,"comment_status":"closed","ping_status":"closed","template":"","meta":{"_acf_changed":false,"footnotes":""},"class_list":["post-8247","page","type-page","status-publish","hentry"],"acf":[],"yoast_head":"<!-- This site is optimized with the Yoast SEO plugin v26.1.1 - https:\/\/yoast.com\/wordpress\/plugins\/seo\/ -->\n<title>Whistleblowing - Unipolis<\/title>\n<meta name=\"robots\" content=\"index, follow, max-snippet:-1, max-image-preview:large, max-video-preview:-1\" \/>\n<link rel=\"canonical\" href=\"https:\/\/www.fondazioneunipolis.org\/site\/whistleblowing\/\" \/>\n<meta property=\"og:locale\" content=\"it_IT\" \/>\n<meta property=\"og:type\" content=\"article\" \/>\n<meta property=\"og:title\" content=\"Whistleblowing - Unipolis\" \/>\n<meta property=\"og:url\" content=\"https:\/\/dx-factory-unipolis-corporate-wp.ha.servizi.gr-u.it\/site\/whistleblowing\/\" \/>\n<meta property=\"og:site_name\" content=\"Unipolis\" \/>\n<meta property=\"article:modified_time\" content=\"2025-11-11T12:04:20+00:00\" \/>\n<meta name=\"twitter:card\" content=\"summary_large_image\" \/>\n<script type=\"application\/ld+json\" class=\"yoast-schema-graph\">{\"@context\":\"https:\/\/schema.org\",\"@graph\":[{\"@type\":\"WebPage\",\"@id\":\"https:\/\/dx-factory-unipolis-corporate-wp.ha.servizi.gr-u.it\/site\/whistleblowing\/\",\"url\":\"https:\/\/dx-factory-unipolis-corporate-wp.ha.servizi.gr-u.it\/site\/whistleblowing\/\",\"name\":\"Whistleblowing - Unipolis\",\"isPartOf\":{\"@id\":\"https:\/\/www.fondazioneunipolis.org\/site\/#website\"},\"datePublished\":\"2025-10-19T07:25:59+00:00\",\"dateModified\":\"2025-11-11T12:04:20+00:00\",\"breadcrumb\":{\"@id\":\"https:\/\/dx-factory-unipolis-corporate-wp.ha.servizi.gr-u.it\/site\/whistleblowing\/#breadcrumb\"},\"inLanguage\":\"it-IT\",\"potentialAction\":[{\"@type\":\"ReadAction\",\"target\":[\"https:\/\/dx-factory-unipolis-corporate-wp.ha.servizi.gr-u.it\/site\/whistleblowing\/\"]}]},{\"@type\":\"BreadcrumbList\",\"@id\":\"https:\/\/dx-factory-unipolis-corporate-wp.ha.servizi.gr-u.it\/site\/whistleblowing\/#breadcrumb\",\"itemListElement\":[{\"@type\":\"ListItem\",\"position\":1,\"name\":\"Home\",\"item\":\"https:\/\/www.fondazioneunipolis.org\/site\/\"},{\"@type\":\"ListItem\",\"position\":2,\"name\":\"Whistleblowing\"}]},{\"@type\":\"WebSite\",\"@id\":\"https:\/\/www.fondazioneunipolis.org\/site\/#website\",\"url\":\"https:\/\/www.fondazioneunipolis.org\/site\/\",\"name\":\"Unipolis\",\"description\":\"\",\"publisher\":{\"@id\":\"https:\/\/www.fondazioneunipolis.org\/site\/#organization\"},\"potentialAction\":[{\"@type\":\"SearchAction\",\"target\":{\"@type\":\"EntryPoint\",\"urlTemplate\":\"https:\/\/www.fondazioneunipolis.org\/site\/?s={search_term_string}\"},\"query-input\":{\"@type\":\"PropertyValueSpecification\",\"valueRequired\":true,\"valueName\":\"search_term_string\"}}],\"inLanguage\":\"it-IT\"},{\"@type\":\"Organization\",\"@id\":\"https:\/\/www.fondazioneunipolis.org\/site\/#organization\",\"name\":\"Unipolis\",\"url\":\"https:\/\/www.fondazioneunipolis.org\/site\/\",\"logo\":{\"@type\":\"ImageObject\",\"inLanguage\":\"it-IT\",\"@id\":\"https:\/\/www.fondazioneunipolis.org\/site\/#\/schema\/logo\/image\/\",\"url\":\"https:\/\/www.fondazioneunipolis.org\/site\/wp-content\/uploads\/2025\/07\/logo-fondazione-unipolis-1.svg\",\"contentUrl\":\"https:\/\/www.fondazioneunipolis.org\/site\/wp-content\/uploads\/2025\/07\/logo-fondazione-unipolis-1.svg\",\"caption\":\"Unipolis\"},\"image\":{\"@id\":\"https:\/\/www.fondazioneunipolis.org\/site\/#\/schema\/logo\/image\/\"}}]}<\/script>\n<!-- \/ Yoast SEO plugin. -->","yoast_head_json":{"title":"Whistleblowing - Unipolis","robots":{"index":"index","follow":"follow","max-snippet":"max-snippet:-1","max-image-preview":"max-image-preview:large","max-video-preview":"max-video-preview:-1"},"canonical":"https:\/\/www.fondazioneunipolis.org\/site\/whistleblowing\/","og_locale":"it_IT","og_type":"article","og_title":"Whistleblowing - Unipolis","og_url":"https:\/\/dx-factory-unipolis-corporate-wp.ha.servizi.gr-u.it\/site\/whistleblowing\/","og_site_name":"Unipolis","article_modified_time":"2025-11-11T12:04:20+00:00","twitter_card":"summary_large_image","schema":{"@context":"https:\/\/schema.org","@graph":[{"@type":"WebPage","@id":"https:\/\/dx-factory-unipolis-corporate-wp.ha.servizi.gr-u.it\/site\/whistleblowing\/","url":"https:\/\/dx-factory-unipolis-corporate-wp.ha.servizi.gr-u.it\/site\/whistleblowing\/","name":"Whistleblowing - Unipolis","isPartOf":{"@id":"https:\/\/www.fondazioneunipolis.org\/site\/#website"},"datePublished":"2025-10-19T07:25:59+00:00","dateModified":"2025-11-11T12:04:20+00:00","breadcrumb":{"@id":"https:\/\/dx-factory-unipolis-corporate-wp.ha.servizi.gr-u.it\/site\/whistleblowing\/#breadcrumb"},"inLanguage":"it-IT","potentialAction":[{"@type":"ReadAction","target":["https:\/\/dx-factory-unipolis-corporate-wp.ha.servizi.gr-u.it\/site\/whistleblowing\/"]}]},{"@type":"BreadcrumbList","@id":"https:\/\/dx-factory-unipolis-corporate-wp.ha.servizi.gr-u.it\/site\/whistleblowing\/#breadcrumb","itemListElement":[{"@type":"ListItem","position":1,"name":"Home","item":"https:\/\/www.fondazioneunipolis.org\/site\/"},{"@type":"ListItem","position":2,"name":"Whistleblowing"}]},{"@type":"WebSite","@id":"https:\/\/www.fondazioneunipolis.org\/site\/#website","url":"https:\/\/www.fondazioneunipolis.org\/site\/","name":"Unipolis","description":"","publisher":{"@id":"https:\/\/www.fondazioneunipolis.org\/site\/#organization"},"potentialAction":[{"@type":"SearchAction","target":{"@type":"EntryPoint","urlTemplate":"https:\/\/www.fondazioneunipolis.org\/site\/?s={search_term_string}"},"query-input":{"@type":"PropertyValueSpecification","valueRequired":true,"valueName":"search_term_string"}}],"inLanguage":"it-IT"},{"@type":"Organization","@id":"https:\/\/www.fondazioneunipolis.org\/site\/#organization","name":"Unipolis","url":"https:\/\/www.fondazioneunipolis.org\/site\/","logo":{"@type":"ImageObject","inLanguage":"it-IT","@id":"https:\/\/www.fondazioneunipolis.org\/site\/#\/schema\/logo\/image\/","url":"https:\/\/www.fondazioneunipolis.org\/site\/wp-content\/uploads\/2025\/07\/logo-fondazione-unipolis-1.svg","contentUrl":"https:\/\/www.fondazioneunipolis.org\/site\/wp-content\/uploads\/2025\/07\/logo-fondazione-unipolis-1.svg","caption":"Unipolis"},"image":{"@id":"https:\/\/www.fondazioneunipolis.org\/site\/#\/schema\/logo\/image\/"}}]}},"_links":{"self":[{"href":"https:\/\/www.fondazioneunipolis.org\/site\/wp-json\/wp\/v2\/pages\/8247","targetHints":{"allow":["GET"]}}],"collection":[{"href":"https:\/\/www.fondazioneunipolis.org\/site\/wp-json\/wp\/v2\/pages"}],"about":[{"href":"https:\/\/www.fondazioneunipolis.org\/site\/wp-json\/wp\/v2\/types\/page"}],"author":[{"embeddable":true,"href":"https:\/\/www.fondazioneunipolis.org\/site\/wp-json\/wp\/v2\/users\/2"}],"replies":[{"embeddable":true,"href":"https:\/\/www.fondazioneunipolis.org\/site\/wp-json\/wp\/v2\/comments?post=8247"}],"version-history":[{"count":12,"href":"https:\/\/www.fondazioneunipolis.org\/site\/wp-json\/wp\/v2\/pages\/8247\/revisions"}],"predecessor-version":[{"id":9435,"href":"https:\/\/www.fondazioneunipolis.org\/site\/wp-json\/wp\/v2\/pages\/8247\/revisions\/9435"}],"wp:attachment":[{"href":"https:\/\/www.fondazioneunipolis.org\/site\/wp-json\/wp\/v2\/media?parent=8247"}],"curies":[{"name":"wp","href":"https:\/\/api.w.org\/{rel}","templated":true}]}}