{"id":281,"date":"2025-09-01T11:34:47","date_gmt":"2025-09-01T09:34:47","guid":{"rendered":"https:\/\/www.fondazioneunipolis.org\/site\/?page_id=281"},"modified":"2026-01-20T16:24:55","modified_gmt":"2026-01-20T15:24:55","slug":"ambiti-di-attivita","status":"publish","type":"page","link":"https:\/\/www.fondazioneunipolis.org\/site\/ambiti-di-attivita\/","title":{"rendered":"Ambiti di attivit\u00e0"},"content":{"rendered":"\n    <section class=\"hero-section background-dark-blue\">\n      <div class=\"hero-carousel\">\n        <div class=\"hero-slide\">\n                            <img\n                    class=\"illustration-bottom\"\n                    src=\"https:\/\/www.fondazioneunipolis.org\/site\/wp-content\/uploads\/2025\/09\/vector-ambiti-attivita.png\"\n                    alt=\"\" \n                \/>\n                                        <div class=\"col-lg-6 col-sm-4 col-12 d-flex justify-content-end align-items-center\">\n                    <img\n                        class=\"illustration-top\"\n                        src=\"https:\/\/www.fondazioneunipolis.org\/site\/wp-content\/uploads\/2025\/09\/pc-ambiti-attivita.png\"\n                        alt=\"\" \n                    \/>\n                <\/div>\n                      \n\n            <div class=\"container\">\n                <h1 class=\"main-title\" data-animate=\"words\">\n                    Ambiti di attivit\u00e0                <\/h1>\n                <p class=\"main-description\" data-animate=\"words\">\n                    In questi ambiti definiamo e realizziamo i nostri obiettivi per promuovere equit\u00e0 sociale, creando opportunit\u00e0 concrete per chi vive situazioni di vulnerabilit\u00e0, sostenendo l\u2019autonomia delle persone attraverso percorsi inclusivi e collaborativi, in rete con chi condivide il nostro impegno per un cambiamento positivo.                <\/p>\n            <\/div>\n        <\/div>\n      <\/div>\n    <\/section>\n\n\n\n\n    <section style=\"background: linear-gradient(180deg, #00355F 0%, #00355F calc(100% - 580px), transparent calc(100% - 580px), transparent 100%), url('https:\/\/www.fondazioneunipolis.org\/site\/wp-content\/uploads\/2026\/01\/blob-blue.png') no-repeat center bottom \/ 100% 600px transparent;\">\n        <div class=\"container\">\n            <div class=\"unipolis-card-wrapper\">\n                                                                                            \n                                                                                            <div class=\"unipolis-card\">                                \n                                                                            <div class=\"card-text\">\n                                            <h3>Disuguaglianze<\/h3>\n                                            <p>\n                                                Vogliamo favorire una crescita umana, sociale ed economica delle persone e delle societ\u00e0, supportando i pi\u00f9 fragili con particolare attenzione ai giovani, operando per garantire accesso ad istruzione e educazione per tutti, quali leve fondamentali e contrastarele disuguaglianze di natura geografica, su base generazionale, di genere e di provenienza.                                            <\/p>\n                                            <div class=\"link\">\n                                                <a class=\"unipolis-link\" href=\"https:\/\/www.fondazioneunipolis.org\/site\/ambito\/disuguaglianze\/\">\n                                                <span>Scopri di pi\u00f9<\/span>\n                                                <img src=\"https:\/\/www.fondazioneunipolis.org\/site\/wp-content\/themes\/unipolis\/img\/arrow-right-black.svg\" \/>\n                                                <\/a>\n                                            <\/div>\n                                        <\/div>\n                                        <div class=\"card-image\">\n                                            <img src=\"https:\/\/www.fondazioneunipolis.org\/site\/wp-content\/uploads\/2025\/09\/image1.png\" alt=\"\" \/>\n                                        <\/div>\n                                                                    <\/div>\n                                                                                            <div class=\"unipolis-card\">                                \n                                                                           <div class=\"card-image\">\n                                            <img src=\"https:\/\/www.fondazioneunipolis.org\/site\/wp-content\/uploads\/2025\/09\/image-2.png\" alt=\"\" \/>\n                                        <\/div>\n                                        <div class=\"card-text\">\n                                            <h3>Mobilit\u00e0<\/h3>\n                                            <p>\n                                                Agiamo per una mobilit\u00e0 a misura di persone che garantisca maggiore vivibilit\u00e0 delle citt\u00e0 e accessibilit\u00e0 delle aree extra-urbane, in particolare attraverso la promozione di un uso consapevole della strada per sensibilizzare comportamenti virtuosi che contribuiscano al miglioramento della vita di tutti.                                            <\/p>\n                                            <div class=\"link\">\n                                                <a class=\"unipolis-link\" href=\"https:\/\/www.fondazioneunipolis.org\/site\/ambito\/mobilita\/\">\n                                                <span>Scopri di pi\u00f9<\/span>\n                                                <img src=\"https:\/\/www.fondazioneunipolis.org\/site\/wp-content\/themes\/unipolis\/img\/arrow-right-black.svg\" \/>\n                                                <\/a>\n                                            <\/div>\n                                        <\/div>\n                                                                    <\/div>\n                                                                                            <div class=\"unipolis-card\">                                \n                                                                            <div class=\"card-text\">\n                                            <h3>Welfare<\/h3>\n                                            <p>\n                                                Crediamo nella necessit\u00e0 di miglioramento della qualit\u00e0 della vita delle persone, a tutela del diritto universale al benessere psico-fisico. Stimoliamo azioni e soluzioni che riducano il divario tra bisogni e servizi, in particolare in ambito sociosanitario con particolare attenzione per chi ha difficolt\u00e0 di accesso.                                            <\/p>\n                                            <div class=\"link\">\n                                                <a class=\"unipolis-link\" href=\"https:\/\/www.fondazioneunipolis.org\/site\/ambito\/welfare\/\">\n                                                <span>Scopri di pi\u00f9<\/span>\n                                                <img src=\"https:\/\/www.fondazioneunipolis.org\/site\/wp-content\/themes\/unipolis\/img\/arrow-right-black.svg\" \/>\n                                                <\/a>\n                                            <\/div>\n                                        <\/div>\n                                        <div class=\"card-image\">\n                                            <img src=\"https:\/\/www.fondazioneunipolis.org\/site\/wp-content\/uploads\/2025\/09\/image-3.png\" alt=\"\" \/>\n                                        <\/div>\n                                                                    <\/div>\n                                                                                                    <\/div>\n        <\/div>\n    <\/section>\n\n\n\n\n    <section class=\"newsletter newsletter-merged\">\n        <div class=\"container newsletter-content\">\n            <div class=\"container\">\n                <div class=\"content-wrapper\">\n                    <h2 class=\"title-newsletter\" data-animate=\"words\">Iscriviti<br \/>alla nostra<br \/>newsletter<\/h2>\n                    <p class=\"paragraph\" data-animate=\"words\">\n                        Non perderti aggiornamenti su bandi,<br \/>progetti, notizie ed informazioni<br \/>sulla nostra Fondazione.                    <\/p>\n                                            <a class=\"unipolis-button white-button\" href=\"https:\/\/mn.fondazioneunipolis.org\/iscrizionefondazione\" data-animate=\"words\">\n                            ISCRIVITI ALLA NEWSLETTER                        <\/a>\n                    \n                                            <img\n                            src=\"https:\/\/www.fondazioneunipolis.org\/site\/wp-content\/uploads\/2025\/08\/vector-yellow.png\"\n                            alt=\"\"\n                            class=\"line-yellow\" \n                        \/>\n                                          \n\n                                            <img\n                            src=\"https:\/\/www.fondazioneunipolis.org\/site\/wp-content\/uploads\/2025\/08\/omino.png\"\n                            alt=\"\"\n                            class=\"omino-seduto\" \n                        \/>\n                                        \n                <\/div>\n                              \n                            <\/div>\n        <\/div>\n    <\/section>\n\n","protected":false},"excerpt":{"rendered":"","protected":false},"author":1,"featured_media":0,"parent":0,"menu_order":0,"comment_status":"closed","ping_status":"closed","template":"page-ambiti.php","meta":{"_acf_changed":false,"footnotes":""},"class_list":["post-281","page","type-page","status-publish","hentry"],"acf":[],"yoast_head":"<!-- This site is optimized with the Yoast SEO plugin v26.1.1 - https:\/\/yoast.com\/wordpress\/plugins\/seo\/ -->\n<title>Ambiti di attivit\u00e0 - Unipolis<\/title>\n<meta name=\"robots\" content=\"index, follow, max-snippet:-1, max-image-preview:large, max-video-preview:-1\" \/>\n<link rel=\"canonical\" href=\"https:\/\/www.fondazioneunipolis.org\/site\/ambiti-di-attivita\/\" \/>\n<meta property=\"og:locale\" content=\"it_IT\" \/>\n<meta property=\"og:type\" content=\"article\" \/>\n<meta property=\"og:title\" content=\"Ambiti di attivit\u00e0 - Unipolis\" \/>\n<meta property=\"og:url\" content=\"https:\/\/dx-factory-unipolis-corporate-wp.ha.servizi.gr-u.it\/site\/ambiti-di-attivita\/\" \/>\n<meta property=\"og:site_name\" content=\"Unipolis\" \/>\n<meta property=\"article:modified_time\" content=\"2026-01-20T15:24:55+00:00\" \/>\n<meta name=\"twitter:card\" content=\"summary_large_image\" \/>\n<script type=\"application\/ld+json\" class=\"yoast-schema-graph\">{\"@context\":\"https:\/\/schema.org\",\"@graph\":[{\"@type\":\"WebPage\",\"@id\":\"https:\/\/dx-factory-unipolis-corporate-wp.ha.servizi.gr-u.it\/site\/ambiti-di-attivita\/\",\"url\":\"https:\/\/dx-factory-unipolis-corporate-wp.ha.servizi.gr-u.it\/site\/ambiti-di-attivita\/\",\"name\":\"Ambiti di attivit\u00e0 - Unipolis\",\"isPartOf\":{\"@id\":\"https:\/\/www.fondazioneunipolis.org\/site\/#website\"},\"datePublished\":\"2025-09-01T09:34:47+00:00\",\"dateModified\":\"2026-01-20T15:24:55+00:00\",\"breadcrumb\":{\"@id\":\"https:\/\/dx-factory-unipolis-corporate-wp.ha.servizi.gr-u.it\/site\/ambiti-di-attivita\/#breadcrumb\"},\"inLanguage\":\"it-IT\",\"potentialAction\":[{\"@type\":\"ReadAction\",\"target\":[\"https:\/\/dx-factory-unipolis-corporate-wp.ha.servizi.gr-u.it\/site\/ambiti-di-attivita\/\"]}]},{\"@type\":\"BreadcrumbList\",\"@id\":\"https:\/\/dx-factory-unipolis-corporate-wp.ha.servizi.gr-u.it\/site\/ambiti-di-attivita\/#breadcrumb\",\"itemListElement\":[{\"@type\":\"ListItem\",\"position\":1,\"name\":\"Home\",\"item\":\"https:\/\/www.fondazioneunipolis.org\/site\/\"},{\"@type\":\"ListItem\",\"position\":2,\"name\":\"Ambiti di attivit\u00e0\"}]},{\"@type\":\"WebSite\",\"@id\":\"https:\/\/www.fondazioneunipolis.org\/site\/#website\",\"url\":\"https:\/\/www.fondazioneunipolis.org\/site\/\",\"name\":\"Unipolis\",\"description\":\"\",\"publisher\":{\"@id\":\"https:\/\/www.fondazioneunipolis.org\/site\/#organization\"},\"potentialAction\":[{\"@type\":\"SearchAction\",\"target\":{\"@type\":\"EntryPoint\",\"urlTemplate\":\"https:\/\/www.fondazioneunipolis.org\/site\/?s={search_term_string}\"},\"query-input\":{\"@type\":\"PropertyValueSpecification\",\"valueRequired\":true,\"valueName\":\"search_term_string\"}}],\"inLanguage\":\"it-IT\"},{\"@type\":\"Organization\",\"@id\":\"https:\/\/www.fondazioneunipolis.org\/site\/#organization\",\"name\":\"Unipolis\",\"url\":\"https:\/\/www.fondazioneunipolis.org\/site\/\",\"logo\":{\"@type\":\"ImageObject\",\"inLanguage\":\"it-IT\",\"@id\":\"https:\/\/www.fondazioneunipolis.org\/site\/#\/schema\/logo\/image\/\",\"url\":\"https:\/\/www.fondazioneunipolis.org\/site\/wp-content\/uploads\/2025\/07\/logo-fondazione-unipolis-1.svg\",\"contentUrl\":\"https:\/\/www.fondazioneunipolis.org\/site\/wp-content\/uploads\/2025\/07\/logo-fondazione-unipolis-1.svg\",\"caption\":\"Unipolis\"},\"image\":{\"@id\":\"https:\/\/www.fondazioneunipolis.org\/site\/#\/schema\/logo\/image\/\"}}]}<\/script>\n<!-- \/ Yoast SEO plugin. -->","yoast_head_json":{"title":"Ambiti di attivit\u00e0 - Unipolis","robots":{"index":"index","follow":"follow","max-snippet":"max-snippet:-1","max-image-preview":"max-image-preview:large","max-video-preview":"max-video-preview:-1"},"canonical":"https:\/\/www.fondazioneunipolis.org\/site\/ambiti-di-attivita\/","og_locale":"it_IT","og_type":"article","og_title":"Ambiti di attivit\u00e0 - Unipolis","og_url":"https:\/\/dx-factory-unipolis-corporate-wp.ha.servizi.gr-u.it\/site\/ambiti-di-attivita\/","og_site_name":"Unipolis","article_modified_time":"2026-01-20T15:24:55+00:00","twitter_card":"summary_large_image","schema":{"@context":"https:\/\/schema.org","@graph":[{"@type":"WebPage","@id":"https:\/\/dx-factory-unipolis-corporate-wp.ha.servizi.gr-u.it\/site\/ambiti-di-attivita\/","url":"https:\/\/dx-factory-unipolis-corporate-wp.ha.servizi.gr-u.it\/site\/ambiti-di-attivita\/","name":"Ambiti di attivit\u00e0 - Unipolis","isPartOf":{"@id":"https:\/\/www.fondazioneunipolis.org\/site\/#website"},"datePublished":"2025-09-01T09:34:47+00:00","dateModified":"2026-01-20T15:24:55+00:00","breadcrumb":{"@id":"https:\/\/dx-factory-unipolis-corporate-wp.ha.servizi.gr-u.it\/site\/ambiti-di-attivita\/#breadcrumb"},"inLanguage":"it-IT","potentialAction":[{"@type":"ReadAction","target":["https:\/\/dx-factory-unipolis-corporate-wp.ha.servizi.gr-u.it\/site\/ambiti-di-attivita\/"]}]},{"@type":"BreadcrumbList","@id":"https:\/\/dx-factory-unipolis-corporate-wp.ha.servizi.gr-u.it\/site\/ambiti-di-attivita\/#breadcrumb","itemListElement":[{"@type":"ListItem","position":1,"name":"Home","item":"https:\/\/www.fondazioneunipolis.org\/site\/"},{"@type":"ListItem","position":2,"name":"Ambiti di attivit\u00e0"}]},{"@type":"WebSite","@id":"https:\/\/www.fondazioneunipolis.org\/site\/#website","url":"https:\/\/www.fondazioneunipolis.org\/site\/","name":"Unipolis","description":"","publisher":{"@id":"https:\/\/www.fondazioneunipolis.org\/site\/#organization"},"potentialAction":[{"@type":"SearchAction","target":{"@type":"EntryPoint","urlTemplate":"https:\/\/www.fondazioneunipolis.org\/site\/?s={search_term_string}"},"query-input":{"@type":"PropertyValueSpecification","valueRequired":true,"valueName":"search_term_string"}}],"inLanguage":"it-IT"},{"@type":"Organization","@id":"https:\/\/www.fondazioneunipolis.org\/site\/#organization","name":"Unipolis","url":"https:\/\/www.fondazioneunipolis.org\/site\/","logo":{"@type":"ImageObject","inLanguage":"it-IT","@id":"https:\/\/www.fondazioneunipolis.org\/site\/#\/schema\/logo\/image\/","url":"https:\/\/www.fondazioneunipolis.org\/site\/wp-content\/uploads\/2025\/07\/logo-fondazione-unipolis-1.svg","contentUrl":"https:\/\/www.fondazioneunipolis.org\/site\/wp-content\/uploads\/2025\/07\/logo-fondazione-unipolis-1.svg","caption":"Unipolis"},"image":{"@id":"https:\/\/www.fondazioneunipolis.org\/site\/#\/schema\/logo\/image\/"}}]}},"_links":{"self":[{"href":"https:\/\/www.fondazioneunipolis.org\/site\/wp-json\/wp\/v2\/pages\/281","targetHints":{"allow":["GET"]}}],"collection":[{"href":"https:\/\/www.fondazioneunipolis.org\/site\/wp-json\/wp\/v2\/pages"}],"about":[{"href":"https:\/\/www.fondazioneunipolis.org\/site\/wp-json\/wp\/v2\/types\/page"}],"author":[{"embeddable":true,"href":"https:\/\/www.fondazioneunipolis.org\/site\/wp-json\/wp\/v2\/users\/1"}],"replies":[{"embeddable":true,"href":"https:\/\/www.fondazioneunipolis.org\/site\/wp-json\/wp\/v2\/comments?post=281"}],"version-history":[{"count":18,"href":"https:\/\/www.fondazioneunipolis.org\/site\/wp-json\/wp\/v2\/pages\/281\/revisions"}],"predecessor-version":[{"id":11774,"href":"https:\/\/www.fondazioneunipolis.org\/site\/wp-json\/wp\/v2\/pages\/281\/revisions\/11774"}],"wp:attachment":[{"href":"https:\/\/www.fondazioneunipolis.org\/site\/wp-json\/wp\/v2\/media?parent=281"}],"curies":[{"name":"wp","href":"https:\/\/api.w.org\/{rel}","templated":true}]}}